{"id":2118,"date":"2024-07-08T16:55:51","date_gmt":"2024-07-08T14:55:51","guid":{"rendered":"https:\/\/neu24.eom-gmbh.com\/?page_id=2118"},"modified":"2026-03-30T16:52:34","modified_gmt":"2026-03-30T14:52:34","slug":"positionsrueckmeldungen","status":"publish","type":"page","link":"https:\/\/eom-gmbh.com\/en\/produkte\/positionsrueckmeldungen","title":{"rendered":"Position feedback"},"content":{"rendered":"<p><div class=\"fusion-fullwidth fullwidth-box fusion-builder-row-1 fusion-flex-container has-pattern-background has-mask-background fusion-parallax-none nonhundred-percent-fullwidth non-hundred-percent-height-scrolling lazyload fusion-animated\" style=\"--awb-border-radius-top-left:0px;--awb-border-radius-top-right:0px;--awb-border-radius-bottom-right:0px;--awb-border-radius-bottom-left:0px;--awb-padding-top:4vw;--awb-padding-bottom:4vw;--awb-padding-top-small:71px;--awb-padding-bottom-small:70px;--awb-background-image:linear-gradient(180deg, rgba(14,15,17,0.69) 0%,rgba(14,15,17,0.43) 100%);;--awb-background-size:cover;--awb-flex-wrap:wrap;--awb-animation-color:var(--awb-color7);\" data-bg=\"https:\/\/eom-gmbh.com\/wp-content\/uploads\/2024\/07\/EL-O-MATIC-GmbH-Startseite-Header-klein.png\" data-bg-gradient=\"linear-gradient(180deg, rgba(14,15,17,0.69) 0%,rgba(14,15,17,0.43) 100%)\" data-animationType=\"revealInLeft\" data-animationDuration=\"1.3\" data-animationOffset=\"top-into-view\" ><div class=\"fusion-builder-row fusion-row fusion-flex-align-items-center fusion-flex-justify-content-center fusion-flex-content-wrap\" style=\"max-width:1248px;margin-left: calc(-4% \/ 2 );margin-right: calc(-4% \/ 2 );\"><div class=\"fusion-layout-column fusion_builder_column fusion-builder-column-0 fusion-flex-column fusion-animated\" style=\"--awb-bg-size:cover;--awb-width-large:40%;--awb-margin-top-large:89px;--awb-spacing-right-large:0px;--awb-margin-bottom-large:0px;--awb-spacing-left-large:0px;--awb-width-medium:40%;--awb-order-medium:0;--awb-spacing-right-medium:0px;--awb-spacing-left-medium:0px;--awb-width-small:100%;--awb-order-small:0;--awb-spacing-right-small:1.92%;--awb-spacing-left-small:1.92%;\" data-animationType=\"fadeInUp\" data-animationDuration=\"1.3\" data-animationDelay=\"1.3\" data-animationOffset=\"top-into-view\" data-motion-effects=\"[{&quot;type&quot;:&quot;scroll&quot;,&quot;scroll_type&quot;:&quot;transition&quot;,&quot;scroll_direction&quot;:&quot;up&quot;,&quot;transition_speed&quot;:&quot;1&quot;,&quot;fade_type&quot;:&quot;in&quot;,&quot;scale_type&quot;:&quot;up&quot;,&quot;initial_scale&quot;:&quot;1&quot;,&quot;max_scale&quot;:&quot;1.5&quot;,&quot;min_scale&quot;:&quot;0.5&quot;,&quot;initial_rotate&quot;:&quot;0&quot;,&quot;end_rotate&quot;:&quot;30&quot;,&quot;initial_blur&quot;:&quot;0&quot;,&quot;end_blur&quot;:&quot;3&quot;,&quot;start_element&quot;:&quot;top&quot;,&quot;start_viewport&quot;:&quot;bottom&quot;,&quot;end_element&quot;:&quot;bottom&quot;,&quot;end_viewport&quot;:&quot;top&quot;,&quot;mouse_effect&quot;:&quot;track&quot;,&quot;mouse_effect_direction&quot;:&quot;opposite&quot;,&quot;mouse_effect_speed&quot;:&quot;2&quot;,&quot;infinite_animation&quot;:&quot;float&quot;,&quot;infinite_animation_speed&quot;:&quot;2&quot;}]\" data-scroll-devices=\"small-visibility,medium-visibility,large-visibility\"><div class=\"fusion-column-wrapper fusion-column-has-shadow fusion-flex-justify-content-flex-start fusion-content-layout-column\"><div class=\"fusion-title title fusion-title-1 fusion-sep-none fusion-title-text fusion-title-size-one\" style=\"--awb-margin-top:0px;--awb-margin-bottom:40px;--awb-margin-top-small:10px;--awb-margin-right-small:0px;--awb-margin-bottom-small:10px;--awb-margin-left-small:0px;--awb-font-size:48px;\"><h1 class=\"fusion-title-heading title-heading-left\" style=\"margin:0;font-size:1em;\">Positionsr\u00fcckmeldungen<\/h1><\/div><\/div><\/div><div class=\"fusion-layout-column fusion_builder_column fusion-builder-column-1 fusion-flex-column fusion-animated\" style=\"--awb-bg-size:cover;--awb-width-large:60%;--awb-margin-top-large:89px;--awb-spacing-right-large:3.2%;--awb-margin-bottom-large:0px;--awb-spacing-left-large:3.2%;--awb-width-medium:60%;--awb-order-medium:0;--awb-spacing-right-medium:3.2%;--awb-spacing-left-medium:3.2%;--awb-width-small:100%;--awb-order-small:0;--awb-spacing-right-small:1.92%;--awb-spacing-left-small:1.92%;\" data-animationType=\"fadeInUp\" data-animationDuration=\"1.3\" data-animationDelay=\"1.3\" data-animationOffset=\"top-into-view\" data-motion-effects=\"[{&quot;type&quot;:&quot;scroll&quot;,&quot;scroll_type&quot;:&quot;transition&quot;,&quot;scroll_direction&quot;:&quot;up&quot;,&quot;transition_speed&quot;:&quot;1&quot;,&quot;fade_type&quot;:&quot;in&quot;,&quot;scale_type&quot;:&quot;up&quot;,&quot;initial_scale&quot;:&quot;1&quot;,&quot;max_scale&quot;:&quot;1.5&quot;,&quot;min_scale&quot;:&quot;0.5&quot;,&quot;initial_rotate&quot;:&quot;0&quot;,&quot;end_rotate&quot;:&quot;30&quot;,&quot;initial_blur&quot;:&quot;0&quot;,&quot;end_blur&quot;:&quot;3&quot;,&quot;start_element&quot;:&quot;top&quot;,&quot;start_viewport&quot;:&quot;bottom&quot;,&quot;end_element&quot;:&quot;bottom&quot;,&quot;end_viewport&quot;:&quot;top&quot;,&quot;mouse_effect&quot;:&quot;track&quot;,&quot;mouse_effect_direction&quot;:&quot;opposite&quot;,&quot;mouse_effect_speed&quot;:&quot;2&quot;,&quot;infinite_animation&quot;:&quot;float&quot;,&quot;infinite_animation_speed&quot;:&quot;2&quot;}]\" data-scroll-devices=\"small-visibility,medium-visibility,large-visibility\"><div class=\"fusion-column-wrapper fusion-column-has-shadow fusion-flex-justify-content-flex-start fusion-content-layout-column\"><div class=\"fusion-image-element \" style=\"text-align:center;--awb-margin-top:2%;--awb-margin-right:2%;--awb-margin-bottom:2%;--awb-margin-left:2%;--awb-max-width:400px;--awb-caption-title-font-family:var(--h2_typography-font-family);--awb-caption-title-font-weight:var(--h2_typography-font-weight);--awb-caption-title-font-style:var(--h2_typography-font-style);--awb-caption-title-size:var(--h2_typography-font-size);--awb-caption-title-transform:var(--h2_typography-text-transform);--awb-caption-title-line-height:var(--h2_typography-line-height);--awb-caption-title-letter-spacing:var(--h2_typography-letter-spacing);\"><span class=\" fusion-imageframe imageframe-none imageframe-1 hover-type-none\"><img decoding=\"async\" width=\"513\" height=\"486\" title=\"Positionsr\u00fcckmeldungen-LDN-Box-removebg-preview\" src=\"https:\/\/eom-gmbh.com\/wp-content\/uploads\/2024\/07\/Positionsrueckmeldungen-LDN-Box-removebg-preview.png\" data-orig-src=\"https:\/\/eom-gmbh.com\/wp-content\/uploads\/2024\/07\/Positionsrueckmeldungen-LDN-Box-removebg-preview.png\" alt class=\"lazyload img-responsive wp-image-2142\" srcset=\"data:image\/svg+xml,%3Csvg%20xmlns%3D%27http%3A%2F%2Fwww.w3.org%2F2000%2Fsvg%27%20width%3D%27513%27%20height%3D%27486%27%20viewBox%3D%270%200%20513%20486%27%3E%3Crect%20width%3D%27513%27%20height%3D%27486%27%20fill-opacity%3D%220%22%2F%3E%3C%2Fsvg%3E\" data-srcset=\"https:\/\/eom-gmbh.com\/wp-content\/uploads\/2024\/07\/Positionsrueckmeldungen-LDN-Box-removebg-preview-200x189.png 200w, https:\/\/eom-gmbh.com\/wp-content\/uploads\/2024\/07\/Positionsrueckmeldungen-LDN-Box-removebg-preview-400x379.png 400w, https:\/\/eom-gmbh.com\/wp-content\/uploads\/2024\/07\/Positionsrueckmeldungen-LDN-Box-removebg-preview.png 513w\" data-sizes=\"auto\" data-orig-sizes=\"(max-width: 718px) 100vw, 513px\" \/><\/span><\/div><\/div><\/div><\/div><\/div><div class=\"fusion-fullwidth fullwidth-box fusion-builder-row-2 fusion-flex-container has-pattern-background has-mask-background nonhundred-percent-fullwidth non-hundred-percent-height-scrolling\" style=\"--awb-border-radius-top-left:0px;--awb-border-radius-top-right:0px;--awb-border-radius-bottom-right:0px;--awb-border-radius-bottom-left:0px;--awb-padding-top:120px;--awb-padding-bottom:120px;--awb-padding-top-small:90px;--awb-padding-bottom-small:80px;--awb-background-color:var(--awb-color6);--awb-flex-wrap:wrap;\" ><div class=\"fusion-builder-row fusion-row fusion-flex-align-items-flex-start fusion-flex-content-wrap\" style=\"max-width:1248px;margin-left: calc(-4% \/ 2 );margin-right: calc(-4% \/ 2 );\"><div class=\"fusion-layout-column fusion_builder_column fusion-builder-column-2 fusion_builder_column_1_1 1_1 fusion-flex-column fusion-flex-align-self-center fusion-animated\" style=\"--awb-bg-size:cover;--awb-width-large:100%;--awb-margin-top-large:0px;--awb-spacing-right-large:1.92%;--awb-margin-bottom-large:2%;--awb-spacing-left-large:1.92%;--awb-width-medium:100%;--awb-order-medium:0;--awb-spacing-right-medium:1.92%;--awb-spacing-left-medium:5.184%;--awb-width-small:100%;--awb-order-small:0;--awb-spacing-right-small:1.92%;--awb-margin-bottom-small:64px;--awb-spacing-left-small:1.92%;\" data-animationType=\"fadeInLeft\" data-animationDuration=\"1.3\" data-animationOffset=\"top-into-view\" data-scroll-devices=\"small-visibility,medium-visibility,large-visibility\"><div class=\"fusion-column-wrapper fusion-column-has-shadow fusion-flex-justify-content-flex-start fusion-content-layout-column\"><div class=\"fusion-text fusion-text-1\" style=\"--awb-margin-right:5%;\"><p>Unsere Positionsr\u00fcckmeldungen sind mit verschiedenen, auf Ihre Anwendung abgestimmten Sensoren, ausger\u00fcstet. Diese Sensoren k\u00f6nnen auf unterschiedliche Weise die Position von Ventilen oder anderen beweglichen Elementen erfassen, sei es durch mechanische, magnetische oder optische Sensoren. Die Positionsr\u00fcckmeldungen sind in einer Vielzahl von Geh\u00e4usematerialien und Designs erh\u00e4ltlich, was sie f\u00fcr den Einsatz im Innen- und Au\u00dfenbereich geeignet macht.<\/p>\n<p>Die EL-O-MATIC GmbH bietet dieses Produkt in zwei unterschiedlichen Materialien an: Vestamid<sup>\u00ae<\/sup> und Aluminium<\/p>\n<\/div><\/div><\/div><div class=\"fusion-layout-column fusion_builder_column fusion-builder-column-3 fusion_builder_column_1_4 1_4 fusion-flex-column\" style=\"--awb-bg-size:cover;--awb-width-large:25%;--awb-margin-top-large:0px;--awb-spacing-right-large:7.68%;--awb-margin-bottom-large:0px;--awb-spacing-left-large:7.68%;--awb-width-medium:25%;--awb-order-medium:0;--awb-spacing-right-medium:7.68%;--awb-spacing-left-medium:7.68%;--awb-width-small:100%;--awb-order-small:0;--awb-spacing-right-small:1.92%;--awb-spacing-left-small:1.92%;\" data-scroll-devices=\"small-visibility,medium-visibility,large-visibility\"><div class=\"fusion-column-wrapper fusion-column-has-shadow fusion-flex-justify-content-flex-start fusion-content-layout-column\"><div ><a class=\"fusion-button button-flat fusion-button-default-size button-default fusion-button-default button-1 fusion-button-span-yes fusion-button-default-type\" style=\"--button_margin-top:2%;\" target=\"_blank\" rel=\"noopener noreferrer\" href=\"\/wp-content\/uploads\/2026\/03\/IOM-LDNA-Rev6-20-10-2023-deutsch.pdf\"><span class=\"fusion-button-text awb-button__text awb-button__text--default\">Betriebsanleitung<\/span><\/a><\/div><\/div><\/div><div class=\"fusion-layout-column fusion_builder_column fusion-builder-column-4 fusion_builder_column_1_4 1_4 fusion-flex-column\" style=\"--awb-bg-size:cover;--awb-width-large:25%;--awb-margin-top-large:0px;--awb-spacing-right-large:7.68%;--awb-margin-bottom-large:0px;--awb-spacing-left-large:7.68%;--awb-width-medium:25%;--awb-order-medium:0;--awb-spacing-right-medium:7.68%;--awb-spacing-left-medium:7.68%;--awb-width-small:100%;--awb-order-small:0;--awb-spacing-right-small:1.92%;--awb-spacing-left-small:1.92%;\" data-scroll-devices=\"small-visibility,medium-visibility,large-visibility\"><div class=\"fusion-column-wrapper fusion-column-has-shadow fusion-flex-justify-content-flex-start fusion-content-layout-column\"><div ><a class=\"fusion-button button-flat fusion-button-default-size button-default fusion-button-default button-2 fusion-button-span-yes fusion-button-default-type\" style=\"--button_margin-top:2%;\" target=\"_blank\" rel=\"noopener noreferrer\" href=\"\/wp-content\/uploads\/2024\/07\/225596000-18ATEX0079X-Iss1.pdf\"><span class=\"fusion-button-text awb-button__text awb-button__text--default\">Produktzertifikat<\/span><\/a><\/div><\/div><\/div><div class=\"fusion-layout-column fusion_builder_column fusion-builder-column-5 fusion_builder_column_1_4 1_4 fusion-flex-column\" style=\"--awb-bg-size:cover;--awb-width-large:25%;--awb-margin-top-large:0px;--awb-spacing-right-large:7.68%;--awb-margin-bottom-large:0px;--awb-spacing-left-large:7.68%;--awb-width-medium:25%;--awb-order-medium:0;--awb-spacing-right-medium:7.68%;--awb-spacing-left-medium:7.68%;--awb-width-small:100%;--awb-order-small:0;--awb-spacing-right-small:1.92%;--awb-spacing-left-small:1.92%;\" data-scroll-devices=\"small-visibility,medium-visibility,large-visibility\"><div class=\"fusion-column-wrapper fusion-column-has-shadow fusion-flex-justify-content-flex-start fusion-content-layout-column\"><div ><a class=\"fusion-button button-flat fusion-button-default-size button-default fusion-button-default button-3 fusion-button-span-yes fusion-button-default-type\" style=\"--button_margin-top:2%;\" target=\"_blank\" rel=\"noopener noreferrer\" href=\"\/wp-content\/uploads\/2024\/07\/EU-Konformitaetserklaerung-Vorlage_de-Rev5-23-08-2023-1.pdf\"><span class=\"fusion-button-text awb-button__text awb-button__text--default\">Konformit\u00e4tserkl\u00e4rung<\/span><\/a><\/div><\/div><\/div><div class=\"fusion-layout-column fusion_builder_column fusion-builder-column-6 fusion_builder_column_1_4 1_4 fusion-flex-column\" style=\"--awb-bg-size:cover;--awb-width-large:25%;--awb-margin-top-large:0px;--awb-spacing-right-large:7.68%;--awb-margin-bottom-large:0px;--awb-spacing-left-large:7.68%;--awb-width-medium:25%;--awb-order-medium:0;--awb-spacing-right-medium:7.68%;--awb-spacing-left-medium:7.68%;--awb-width-small:100%;--awb-order-small:0;--awb-spacing-right-small:1.92%;--awb-spacing-left-small:1.92%;\" data-scroll-devices=\"small-visibility,medium-visibility,large-visibility\"><div class=\"fusion-column-wrapper fusion-column-has-shadow fusion-flex-justify-content-flex-start fusion-content-layout-column\"><div ><a class=\"fusion-button button-flat fusion-button-default-size button-default fusion-button-default button-4 fusion-button-span-yes fusion-button-default-type\" style=\"--button_margin-top:2%;\" target=\"_blank\" rel=\"noopener noreferrer\" href=\"\/wp-content\/uploads\/2026\/03\/ATEX-Produktion-QMS-09-2024-de.pdf\"><span class=\"fusion-button-text awb-button__text awb-button__text--default\">ATEX-Produktion-QMS<\/span><\/a><\/div><\/div><\/div><\/div><\/div><div class=\"fusion-fullwidth fullwidth-box fusion-builder-row-3 fusion-flex-container has-pattern-background has-mask-background fusion-parallax-none nonhundred-percent-fullwidth non-hundred-percent-height-scrolling lazyload\" style=\"--awb-border-radius-top-left:0px;--awb-border-radius-top-right:0px;--awb-border-radius-bottom-right:0px;--awb-border-radius-bottom-left:0px;--awb-background-color:var(--awb-color1);--awb-background-image:linear-gradient(180deg, rgba(53,53,53,0.1) 0%,rgba(53,53,53,0.4) 100%);;--awb-background-size:cover;--awb-flex-wrap:wrap;\" data-bg=\"https:\/\/eom-gmbh.com\/wp-content\/uploads\/2024\/06\/EL-O-MATIC-Footer.jpg\" data-bg-gradient=\"linear-gradient(180deg, rgba(53,53,53,0.1) 0%,rgba(53,53,53,0.4) 100%)\" ><div class=\"fusion-builder-row fusion-row fusion-flex-align-items-flex-start fusion-flex-content-wrap\" style=\"max-width:1248px;margin-left: calc(-4% \/ 2 );margin-right: calc(-4% \/ 2 );\"><div class=\"fusion-layout-column fusion_builder_column fusion-builder-column-7 fusion_builder_column_1_1 1_1 fusion-flex-column\" style=\"--awb-padding-top:100px;--awb-padding-right:100px;--awb-padding-bottom:100px;--awb-padding-left:100px;--awb-padding-top-medium:48px;--awb-padding-right-medium:56px;--awb-padding-bottom-medium:56px;--awb-padding-left-medium:56px;--awb-padding-top-small:40px;--awb-padding-right-small:40px;--awb-padding-bottom-small:40px;--awb-padding-left-small:40px;--awb-bg-size:cover;--awb-width-large:100%;--awb-margin-top-large:0px;--awb-spacing-right-large:1.92%;--awb-margin-bottom-large:0px;--awb-spacing-left-large:1.92%;--awb-width-medium:83.333333333333%;--awb-order-medium:0;--awb-spacing-right-medium:2.304%;--awb-spacing-left-medium:2.304%;--awb-width-small:100%;--awb-order-small:0;--awb-spacing-right-small:1.92%;--awb-spacing-left-small:1.92%;\" data-scroll-devices=\"small-visibility,medium-visibility,large-visibility\"><div class=\"fusion-column-wrapper fusion-column-has-shadow fusion-flex-justify-content-flex-start fusion-content-layout-column\"><div class=\"fusion-title title fusion-title-2 fusion-sep-none fusion-title-center fusion-title-text fusion-title-size-three\" style=\"--awb-text-color:var(--awb-color1);--awb-margin-bottom:40px;--awb-margin-top-small:10px;--awb-margin-right-small:0px;--awb-margin-bottom-small:10px;--awb-margin-left-small:0px;--awb-margin-top-medium:10px;--awb-margin-bottom-medium:30px;\"><h3 class=\"fusion-title-heading title-heading-center\" style=\"font-family:&quot;Literata&quot;;font-style:normal;font-weight:400;margin:0;text-transform:none;\">Produktdatenbl\u00e4tter<\/h3><\/div><div class=\"fusion-title title fusion-title-3 fusion-sep-none fusion-title-center fusion-title-text fusion-title-size-two\" style=\"--awb-text-color:var(--awb-color1);--awb-margin-bottom:40px;--awb-margin-top-small:10px;--awb-margin-right-small:0px;--awb-margin-bottom-small:10px;--awb-margin-left-small:0px;--awb-margin-top-medium:10px;--awb-margin-bottom-medium:30px;\"><h2 class=\"fusion-title-heading title-heading-center\" style=\"font-family:&quot;Literata&quot;;font-style:normal;font-weight:400;margin:0;text-transform:none;\">LDN- und LDNA-Boxen<\/h2><\/div><div style=\"text-align:center;\"><a class=\"fusion-button button-flat fusion-button-default-size button-default fusion-button-default button-5 fusion-button-default-span fusion-button-default-type\" target=\"_self\" href=\"\/download-center#position\"><span class=\"fusion-button-text awb-button__text awb-button__text--default\">DOWNLOAD &#8230;<\/span><\/a><\/div><\/div><\/div><\/div><\/div><\/p>\n","protected":false},"excerpt":{"rendered":"","protected":false},"author":1,"featured_media":0,"parent":97,"menu_order":0,"comment_status":"closed","ping_status":"closed","template":"100-width.php","meta":{"footnotes":""},"class_list":["post-2118","page","type-page","status-publish","hentry"],"yoast_head":"<!-- This site is optimized with the Yoast SEO plugin v27.2 - https:\/\/yoast.com\/product\/yoast-seo-wordpress\/ -->\n<title>Positionsr\u00fcckmeldungen | E-O-M Automation by EL-O-MATIC GmbH<\/title>\n<meta name=\"robots\" content=\"index, follow, max-snippet:-1, max-image-preview:large, max-video-preview:-1\" \/>\n<link rel=\"canonical\" href=\"https:\/\/eom-gmbh.com\/en\/produkte\/positionsrueckmeldungen\/\" \/>\n<meta property=\"og:locale\" content=\"en_GB\" \/>\n<meta property=\"og:type\" content=\"article\" \/>\n<meta property=\"og:title\" content=\"Positionsr\u00fcckmeldungen | E-O-M Automation by EL-O-MATIC GmbH\" \/>\n<meta property=\"og:url\" content=\"https:\/\/eom-gmbh.com\/en\/produkte\/positionsrueckmeldungen\/\" \/>\n<meta property=\"og:site_name\" content=\"E-O-M Automation by EL-O-MATIC GmbH\" \/>\n<meta property=\"article:modified_time\" content=\"2026-03-30T14:52:34+00:00\" \/>\n<meta name=\"twitter:card\" content=\"summary_large_image\" \/>\n<meta name=\"twitter:label1\" content=\"Estimated reading time\" \/>\n\t<meta name=\"twitter:data1\" content=\"1 minute\" \/>\n<script type=\"application\/ld+json\" class=\"yoast-schema-graph\">{\"@context\":\"https:\/\/schema.org\",\"@graph\":[{\"@type\":\"WebPage\",\"@id\":\"https:\/\/eom-gmbh.com\/produkte\/positionsrueckmeldungen\",\"url\":\"https:\/\/eom-gmbh.com\/produkte\/positionsrueckmeldungen\",\"name\":\"Positionsr\u00fcckmeldungen | E-O-M Automation by EL-O-MATIC GmbH\",\"isPartOf\":{\"@id\":\"https:\/\/eom-gmbh.com\/#website\"},\"datePublished\":\"2024-07-08T14:55:51+00:00\",\"dateModified\":\"2026-03-30T14:52:34+00:00\",\"breadcrumb\":{\"@id\":\"https:\/\/eom-gmbh.com\/produkte\/positionsrueckmeldungen#breadcrumb\"},\"inLanguage\":\"en-GB\",\"potentialAction\":[{\"@type\":\"ReadAction\",\"target\":[\"https:\/\/eom-gmbh.com\/produkte\/positionsrueckmeldungen\"]}]},{\"@type\":\"BreadcrumbList\",\"@id\":\"https:\/\/eom-gmbh.com\/produkte\/positionsrueckmeldungen#breadcrumb\",\"itemListElement\":[{\"@type\":\"ListItem\",\"position\":1,\"name\":\"Startseite\",\"item\":\"https:\/\/eom-gmbh.com\/\"},{\"@type\":\"ListItem\",\"position\":2,\"name\":\"Produkte\",\"item\":\"https:\/\/eom-gmbh.com\/produkte\"},{\"@type\":\"ListItem\",\"position\":3,\"name\":\"Positionsr\u00fcckmeldungen\"}]},{\"@type\":\"WebSite\",\"@id\":\"https:\/\/eom-gmbh.com\/#website\",\"url\":\"https:\/\/eom-gmbh.com\/\",\"name\":\"E-O-M Automation by EL-O-MATIC GmbH\",\"description\":\"Automatisierung von Antrieben\",\"publisher\":{\"@id\":\"https:\/\/eom-gmbh.com\/#organization\"},\"potentialAction\":[{\"@type\":\"SearchAction\",\"target\":{\"@type\":\"EntryPoint\",\"urlTemplate\":\"https:\/\/eom-gmbh.com\/?s={search_term_string}\"},\"query-input\":{\"@type\":\"PropertyValueSpecification\",\"valueRequired\":true,\"valueName\":\"search_term_string\"}}],\"inLanguage\":\"en-GB\"},{\"@type\":\"Organization\",\"@id\":\"https:\/\/eom-gmbh.com\/#organization\",\"name\":\"E-O-M Automation by EL-O-MATIC GmbH\",\"url\":\"https:\/\/eom-gmbh.com\/\",\"logo\":{\"@type\":\"ImageObject\",\"inLanguage\":\"en-GB\",\"@id\":\"https:\/\/eom-gmbh.com\/#\/schema\/logo\/image\/\",\"url\":\"https:\/\/eom-gmbh.com\/wp-content\/uploads\/2024\/06\/logo-elomatic-google.png\",\"contentUrl\":\"https:\/\/eom-gmbh.com\/wp-content\/uploads\/2024\/06\/logo-elomatic-google.png\",\"width\":250,\"height\":250,\"caption\":\"E-O-M Automation by EL-O-MATIC GmbH\"},\"image\":{\"@id\":\"https:\/\/eom-gmbh.com\/#\/schema\/logo\/image\/\"}}]}<\/script>\n<!-- \/ Yoast SEO plugin. -->","yoast_head_json":{"title":"Positionsr\u00fcckmeldungen | E-O-M Automation by EL-O-MATIC GmbH","robots":{"index":"index","follow":"follow","max-snippet":"max-snippet:-1","max-image-preview":"max-image-preview:large","max-video-preview":"max-video-preview:-1"},"canonical":"https:\/\/eom-gmbh.com\/en\/produkte\/positionsrueckmeldungen\/","og_locale":"en_GB","og_type":"article","og_title":"Positionsr\u00fcckmeldungen | E-O-M Automation by EL-O-MATIC GmbH","og_url":"https:\/\/eom-gmbh.com\/en\/produkte\/positionsrueckmeldungen\/","og_site_name":"E-O-M Automation by EL-O-MATIC GmbH","article_modified_time":"2026-03-30T14:52:34+00:00","twitter_card":"summary_large_image","twitter_misc":{"Estimated reading time":"1 minute"},"schema":{"@context":"https:\/\/schema.org","@graph":[{"@type":"WebPage","@id":"https:\/\/eom-gmbh.com\/produkte\/positionsrueckmeldungen","url":"https:\/\/eom-gmbh.com\/produkte\/positionsrueckmeldungen","name":"Positionsr\u00fcckmeldungen | E-O-M Automation by EL-O-MATIC GmbH","isPartOf":{"@id":"https:\/\/eom-gmbh.com\/#website"},"datePublished":"2024-07-08T14:55:51+00:00","dateModified":"2026-03-30T14:52:34+00:00","breadcrumb":{"@id":"https:\/\/eom-gmbh.com\/produkte\/positionsrueckmeldungen#breadcrumb"},"inLanguage":"en-GB","potentialAction":[{"@type":"ReadAction","target":["https:\/\/eom-gmbh.com\/produkte\/positionsrueckmeldungen"]}]},{"@type":"BreadcrumbList","@id":"https:\/\/eom-gmbh.com\/produkte\/positionsrueckmeldungen#breadcrumb","itemListElement":[{"@type":"ListItem","position":1,"name":"Startseite","item":"https:\/\/eom-gmbh.com\/"},{"@type":"ListItem","position":2,"name":"Produkte","item":"https:\/\/eom-gmbh.com\/produkte"},{"@type":"ListItem","position":3,"name":"Positionsr\u00fcckmeldungen"}]},{"@type":"WebSite","@id":"https:\/\/eom-gmbh.com\/#website","url":"https:\/\/eom-gmbh.com\/","name":"E-O-M Automation by EL-O-MATIC GmbH","description":"Automatisierung von Antrieben","publisher":{"@id":"https:\/\/eom-gmbh.com\/#organization"},"potentialAction":[{"@type":"SearchAction","target":{"@type":"EntryPoint","urlTemplate":"https:\/\/eom-gmbh.com\/?s={search_term_string}"},"query-input":{"@type":"PropertyValueSpecification","valueRequired":true,"valueName":"search_term_string"}}],"inLanguage":"en-GB"},{"@type":"Organization","@id":"https:\/\/eom-gmbh.com\/#organization","name":"E-O-M Automation by EL-O-MATIC GmbH","url":"https:\/\/eom-gmbh.com\/","logo":{"@type":"ImageObject","inLanguage":"en-GB","@id":"https:\/\/eom-gmbh.com\/#\/schema\/logo\/image\/","url":"https:\/\/eom-gmbh.com\/wp-content\/uploads\/2024\/06\/logo-elomatic-google.png","contentUrl":"https:\/\/eom-gmbh.com\/wp-content\/uploads\/2024\/06\/logo-elomatic-google.png","width":250,"height":250,"caption":"E-O-M Automation by EL-O-MATIC GmbH"},"image":{"@id":"https:\/\/eom-gmbh.com\/#\/schema\/logo\/image\/"}}]}},"_links":{"self":[{"href":"https:\/\/eom-gmbh.com\/en\/wp-json\/wp\/v2\/pages\/2118","targetHints":{"allow":["GET"]}}],"collection":[{"href":"https:\/\/eom-gmbh.com\/en\/wp-json\/wp\/v2\/pages"}],"about":[{"href":"https:\/\/eom-gmbh.com\/en\/wp-json\/wp\/v2\/types\/page"}],"author":[{"embeddable":true,"href":"https:\/\/eom-gmbh.com\/en\/wp-json\/wp\/v2\/users\/1"}],"replies":[{"embeddable":true,"href":"https:\/\/eom-gmbh.com\/en\/wp-json\/wp\/v2\/comments?post=2118"}],"version-history":[{"count":46,"href":"https:\/\/eom-gmbh.com\/en\/wp-json\/wp\/v2\/pages\/2118\/revisions"}],"predecessor-version":[{"id":3339,"href":"https:\/\/eom-gmbh.com\/en\/wp-json\/wp\/v2\/pages\/2118\/revisions\/3339"}],"up":[{"embeddable":true,"href":"https:\/\/eom-gmbh.com\/en\/wp-json\/wp\/v2\/pages\/97"}],"wp:attachment":[{"href":"https:\/\/eom-gmbh.com\/en\/wp-json\/wp\/v2\/media?parent=2118"}],"curies":[{"name":"wp","href":"https:\/\/api.w.org\/{rel}","templated":true}]}}