{"id":93,"date":"2023-05-18T14:54:38","date_gmt":"2023-05-18T14:54:38","guid":{"rendered":"https:\/\/neu24.eom-gmbh.com\/?page_id=93"},"modified":"2024-10-16T10:44:17","modified_gmt":"2024-10-16T08:44:17","slug":"wir-ueber-uns","status":"publish","type":"page","link":"https:\/\/eom-gmbh.com\/en\/wir-ueber-uns","title":{"rendered":"About us"},"content":{"rendered":"<p><div class=\"fusion-fullwidth fullwidth-box fusion-builder-row-1 fusion-flex-container has-pattern-background has-mask-background fusion-parallax-none nonhundred-percent-fullwidth non-hundred-percent-height-scrolling lazyload fusion-animated\" style=\"--awb-background-position:center bottom;--awb-border-radius-top-left:0px;--awb-border-radius-top-right:0px;--awb-border-radius-bottom-right:0px;--awb-border-radius-bottom-left:0px;--awb-padding-top:8vw;--awb-padding-bottom:8vw;--awb-padding-top-small:71px;--awb-padding-bottom-small:70px;--awb-background-image:linear-gradient(180deg, hsla(var(--awb-color8-h),var(--awb-color8-s),var(--awb-color8-l),calc(var(--awb-color8-a) - 70%)) 0%,hsla(var(--awb-color8-h),var(--awb-color8-s),var(--awb-color8-l),calc(var(--awb-color8-a) - 70%)) 100%);;--awb-background-size:cover;--awb-flex-wrap:wrap;--awb-animation-color:var(--awb-color7);\" data-bg=\"https:\/\/eom-gmbh.com\/wp-content\/uploads\/2024\/06\/Hintergrund-Start.jpg\" data-bg-gradient=\"linear-gradient(180deg, hsla(var(--awb-color8-h),var(--awb-color8-s),var(--awb-color8-l),calc(var(--awb-color8-a) - 70%)) 0%,hsla(var(--awb-color8-h),var(--awb-color8-s),var(--awb-color8-l),calc(var(--awb-color8-a) - 70%)) 100%)\" data-animationType=\"revealInLeft\" data-animationDuration=\"1.3\" data-animationOffset=\"top-into-view\" ><div class=\"fusion-builder-row fusion-row fusion-flex-align-items-flex-start fusion-flex-justify-content-center fusion-flex-content-wrap\" style=\"max-width:1248px;margin-left: calc(-4% \/ 2 );margin-right: calc(-4% \/ 2 );\"><div class=\"fusion-layout-column fusion_builder_column fusion-builder-column-0 fusion_builder_column_1_1 1_1 fusion-flex-column fusion-flex-align-self-center fusion-animated\" style=\"--awb-bg-size:cover;--awb-width-large:100%;--awb-margin-top-large:89px;--awb-spacing-right-large:1.92%;--awb-margin-bottom-large:0px;--awb-spacing-left-large:1.92%;--awb-width-medium:100%;--awb-order-medium:0;--awb-spacing-right-medium:1.92%;--awb-spacing-left-medium:1.92%;--awb-width-small:100%;--awb-order-small:0;--awb-spacing-right-small:1.92%;--awb-spacing-left-small:1.92%;\" data-animationType=\"fadeInUp\" data-animationDuration=\"1.3\" data-animationDelay=\"1.3\" data-animationOffset=\"top-into-view\" data-motion-effects=\"[{&quot;type&quot;:&quot;scroll&quot;,&quot;scroll_type&quot;:&quot;transition&quot;,&quot;scroll_direction&quot;:&quot;up&quot;,&quot;transition_speed&quot;:&quot;1&quot;,&quot;fade_type&quot;:&quot;in&quot;,&quot;scale_type&quot;:&quot;up&quot;,&quot;initial_scale&quot;:&quot;1&quot;,&quot;max_scale&quot;:&quot;1.5&quot;,&quot;min_scale&quot;:&quot;0.5&quot;,&quot;initial_rotate&quot;:&quot;0&quot;,&quot;end_rotate&quot;:&quot;30&quot;,&quot;initial_blur&quot;:&quot;0&quot;,&quot;end_blur&quot;:&quot;3&quot;,&quot;start_element&quot;:&quot;top&quot;,&quot;start_viewport&quot;:&quot;bottom&quot;,&quot;end_element&quot;:&quot;bottom&quot;,&quot;end_viewport&quot;:&quot;top&quot;,&quot;mouse_effect&quot;:&quot;track&quot;,&quot;mouse_effect_direction&quot;:&quot;opposite&quot;,&quot;mouse_effect_speed&quot;:&quot;2&quot;,&quot;infinite_animation&quot;:&quot;float&quot;,&quot;infinite_animation_speed&quot;:&quot;2&quot;}]\" data-scroll-devices=\"small-visibility,medium-visibility,large-visibility\"><div class=\"fusion-column-wrapper fusion-column-has-shadow fusion-flex-justify-content-center fusion-content-layout-column\"><div class=\"fusion-title title fusion-title-1 fusion-sep-none fusion-title-center fusion-title-text fusion-title-size-one\" style=\"--awb-margin-top:0px;--awb-margin-bottom:40px;--awb-margin-top-small:10px;--awb-margin-right-small:0px;--awb-margin-bottom-small:10px;--awb-margin-left-small:0px;\"><h1 class=\"fusion-title-heading title-heading-center\" style=\"margin:0;\">Wir \u00fcber uns<\/h1><\/div><\/div><\/div><\/div><\/div><div class=\"fusion-fullwidth fullwidth-box fusion-builder-row-2 fusion-flex-container has-pattern-background has-mask-background nonhundred-percent-fullwidth non-hundred-percent-height-scrolling\" style=\"--awb-border-radius-top-left:0px;--awb-border-radius-top-right:0px;--awb-border-radius-bottom-right:0px;--awb-border-radius-bottom-left:0px;--awb-padding-top:120px;--awb-padding-bottom:120px;--awb-padding-top-small:90px;--awb-padding-bottom-small:80px;--awb-background-color:var(--awb-color6);--awb-flex-wrap:wrap;\" ><div class=\"fusion-builder-row fusion-row fusion-flex-align-items-flex-start fusion-flex-content-wrap\" style=\"max-width:1248px;margin-left: calc(-4% \/ 2 );margin-right: calc(-4% \/ 2 );\"><div class=\"fusion-layout-column fusion_builder_column fusion-builder-column-1 fusion_builder_column_3_5 3_5 fusion-flex-column fusion-flex-align-self-center fusion-animated\" style=\"--awb-bg-size:cover;--awb-width-large:60%;--awb-margin-top-large:0px;--awb-spacing-right-large:3.2%;--awb-margin-bottom-large:0px;--awb-spacing-left-large:3.2%;--awb-width-medium:60%;--awb-order-medium:0;--awb-spacing-right-medium:3.2%;--awb-spacing-left-medium:8.64%;--awb-width-small:100%;--awb-order-small:0;--awb-spacing-right-small:1.92%;--awb-margin-bottom-small:64px;--awb-spacing-left-small:1.92%;\" data-animationType=\"fadeInLeft\" data-animationDuration=\"1.3\" data-animationOffset=\"top-into-view\" data-scroll-devices=\"small-visibility,medium-visibility,large-visibility\"><div class=\"fusion-column-wrapper fusion-column-has-shadow fusion-flex-justify-content-flex-start fusion-content-layout-column\"><div class=\"fusion-title title fusion-title-2 fusion-sep-none fusion-title-text fusion-title-size-two\" style=\"--awb-margin-top-small:10px;--awb-margin-right-small:0px;--awb-margin-bottom-small:10px;--awb-margin-left-small:0px;\"><h2 class=\"fusion-title-heading title-heading-left\" style=\"margin:0;\">Ma\u00dfgeschneiderte Automatisierungsl\u00f6sungen<\/h2><\/div><div class=\"fusion-text fusion-text-1\" style=\"--awb-margin-right:5%;\"><p>EL-O-MATIC fertigt und vertreibt seit mehr als 40 Jahren ma\u00dfgeschneiderte Automatisierungsl\u00f6sungen f\u00fcr Armaturen. Unsere Kernkompetenzen liegen in der Fertigung von Antriebssystemen zur Regulierung von Armaturen. Von der Konzeption bis zur Umsetzung setzen wir auf h\u00f6chste Pr\u00e4zision und Qualit\u00e4t, um unseren Kunden optimale L\u00f6sungen zu bieten.<\/p>\n<p>Seit dem 01.01.1990 ist die EL-O-MATIC GmbH am Standort Willich t\u00e4tig. Unsere eigene Fertigung erm\u00f6glicht es uns, h\u00f6chste Qualit\u00e4tsstandards einzuhalten und flexibel auf die individuellen Bed\u00fcrfnisse unserer Kunden einzugehen. Mit einer durchschnittlichen Betriebszugeh\u00f6rigkeit von 18 Jahren, in der Fertigung sogar 30 Jahren, verf\u00fcgt unser Team \u00fcber umfassende Erfahrung und tiefes Fachwissen. Diese Expertise garantiert Ihnen ma\u00dfgeschneiderte L\u00f6sungen und h\u00f6chste Zuverl\u00e4ssigkeit in der Automatisierungstechnik.<\/p>\n<\/div><\/div><\/div><div class=\"fusion-layout-column fusion_builder_column fusion-builder-column-2 fusion_builder_column_2_5 2_5 fusion-flex-column fusion-animated\" style=\"--awb-bg-size:cover;--awb-width-large:40%;--awb-margin-top-large:0px;--awb-spacing-right-large:4.8%;--awb-margin-bottom-large:0px;--awb-spacing-left-large:4.8%;--awb-width-medium:40%;--awb-order-medium:0;--awb-spacing-right-medium:4.8%;--awb-spacing-left-medium:4.8%;--awb-width-small:100%;--awb-order-small:0;--awb-spacing-right-small:1.92%;--awb-margin-bottom-small:50px;--awb-spacing-left-small:1.92%;\" data-animationType=\"fadeInRight\" data-animationDuration=\"1.3\" data-animationOffset=\"top-into-view\"><div class=\"fusion-column-wrapper fusion-column-has-shadow fusion-flex-justify-content-flex-start fusion-content-layout-column\"><div class=\"fusion-image-element \" style=\"--awb-caption-title-font-family:var(--h2_typography-font-family);--awb-caption-title-font-weight:var(--h2_typography-font-weight);--awb-caption-title-font-style:var(--h2_typography-font-style);--awb-caption-title-size:var(--h2_typography-font-size);--awb-caption-title-transform:var(--h2_typography-text-transform);--awb-caption-title-line-height:var(--h2_typography-line-height);--awb-caption-title-letter-spacing:var(--h2_typography-letter-spacing);\"><span class=\" fusion-imageframe imageframe-none imageframe-1 hover-type-none\" style=\"border-radius:5px;\"><img decoding=\"async\" width=\"800\" height=\"600\" title=\"elomatic-inspiration-01\" src=\"https:\/\/eom-gmbh.com\/wp-content\/uploads\/2024\/06\/elomatic-inspiration-01.jpg\" data-orig-src=\"https:\/\/eom-gmbh.com\/wp-content\/uploads\/2024\/06\/elomatic-inspiration-01.jpg\" alt class=\"lazyload img-responsive wp-image-1719\" srcset=\"data:image\/svg+xml,%3Csvg%20xmlns%3D%27http%3A%2F%2Fwww.w3.org%2F2000%2Fsvg%27%20width%3D%27800%27%20height%3D%27600%27%20viewBox%3D%270%200%20800%20600%27%3E%3Crect%20width%3D%27800%27%20height%3D%27600%27%20fill-opacity%3D%220%22%2F%3E%3C%2Fsvg%3E\" data-srcset=\"https:\/\/eom-gmbh.com\/wp-content\/uploads\/2024\/06\/elomatic-inspiration-01-200x150.jpg 200w, https:\/\/eom-gmbh.com\/wp-content\/uploads\/2024\/06\/elomatic-inspiration-01-400x300.jpg 400w, https:\/\/eom-gmbh.com\/wp-content\/uploads\/2024\/06\/elomatic-inspiration-01-600x450.jpg 600w, https:\/\/eom-gmbh.com\/wp-content\/uploads\/2024\/06\/elomatic-inspiration-01.jpg 800w\" data-sizes=\"auto\" data-orig-sizes=\"(max-width: 718px) 100vw, 600px\" \/><\/span><\/div><div class=\"fusion-separator fusion-full-width-sep\" style=\"align-self: center;margin-left: auto;margin-right: auto;margin-top:10%;width:100%;\"><\/div><div class=\"fusion-image-element \" style=\"--awb-caption-title-font-family:var(--h2_typography-font-family);--awb-caption-title-font-weight:var(--h2_typography-font-weight);--awb-caption-title-font-style:var(--h2_typography-font-style);--awb-caption-title-size:var(--h2_typography-font-size);--awb-caption-title-transform:var(--h2_typography-text-transform);--awb-caption-title-line-height:var(--h2_typography-line-height);--awb-caption-title-letter-spacing:var(--h2_typography-letter-spacing);\"><span class=\" fusion-imageframe imageframe-none imageframe-2 hover-type-none\" style=\"border-radius:5px;\"><img decoding=\"async\" width=\"800\" height=\"600\" title=\"elomatic-inspiration-02\" src=\"https:\/\/eom-gmbh.com\/wp-content\/uploads\/2024\/06\/elomatic-inspiration-02.jpg\" data-orig-src=\"https:\/\/eom-gmbh.com\/wp-content\/uploads\/2024\/06\/elomatic-inspiration-02.jpg\" alt class=\"lazyload img-responsive wp-image-1721\" srcset=\"data:image\/svg+xml,%3Csvg%20xmlns%3D%27http%3A%2F%2Fwww.w3.org%2F2000%2Fsvg%27%20width%3D%27800%27%20height%3D%27600%27%20viewBox%3D%270%200%20800%20600%27%3E%3Crect%20width%3D%27800%27%20height%3D%27600%27%20fill-opacity%3D%220%22%2F%3E%3C%2Fsvg%3E\" data-srcset=\"https:\/\/eom-gmbh.com\/wp-content\/uploads\/2024\/06\/elomatic-inspiration-02-200x150.jpg 200w, https:\/\/eom-gmbh.com\/wp-content\/uploads\/2024\/06\/elomatic-inspiration-02-400x300.jpg 400w, https:\/\/eom-gmbh.com\/wp-content\/uploads\/2024\/06\/elomatic-inspiration-02-600x450.jpg 600w, https:\/\/eom-gmbh.com\/wp-content\/uploads\/2024\/06\/elomatic-inspiration-02.jpg 800w\" data-sizes=\"auto\" data-orig-sizes=\"(max-width: 718px) 100vw, 600px\" \/><\/span><\/div><\/div><\/div><\/div><\/div><div class=\"fusion-fullwidth fullwidth-box fusion-builder-row-3 fusion-flex-container nonhundred-percent-fullwidth non-hundred-percent-height-scrolling\" style=\"--link_hover_color: var(--awb-color4);--link_color: var(--awb-color7);--awb-border-sizes-top:0px;--awb-border-sizes-bottom:0px;--awb-border-sizes-left:0px;--awb-border-sizes-right:0px;--awb-border-color:var(--awb-color2);--awb-border-radius-top-left:0px;--awb-border-radius-top-right:0px;--awb-border-radius-bottom-right:0px;--awb-border-radius-bottom-left:0px;--awb-padding-top:140px;--awb-padding-bottom:103px;--awb-padding-top-medium:100px;--awb-padding-bottom-medium:90px;--awb-padding-top-small:75px;--awb-padding-bottom-small:0px;--awb-margin-top:0px;--awb-margin-bottom-small:0px;--awb-background-color:var(--awb-color1);--awb-flex-wrap:wrap;\" ><div class=\"fusion-builder-row fusion-row fusion-flex-align-items-center fusion-flex-content-wrap\" style=\"max-width:calc( 1200px + 120px );margin-left: calc(-120px \/ 2 );margin-right: calc(-120px \/ 2 );\"><div class=\"fusion-layout-column fusion_builder_column fusion-builder-column-3 fusion_builder_column_1_2 1_2 fusion-flex-column fusion-animated\" style=\"--awb-bg-size:cover;--awb-width-large:50%;--awb-margin-top-large:0px;--awb-spacing-right-large:calc( 0.04 * calc( 100% - 120px ) );--awb-margin-bottom-large:0px;--awb-spacing-left-large:60px;--awb-width-medium:60%;--awb-order-medium:0;--awb-spacing-right-medium:calc( 0.033333333333333 * calc( 100% - 120px ) );--awb-margin-bottom-medium:0px;--awb-spacing-left-medium:60px;--awb-width-small:100%;--awb-order-small:0;--awb-spacing-right-small:60px;--awb-margin-bottom-small:30px;--awb-spacing-left-small:60px;\" data-animationType=\"fadeInLeft\" data-animationDuration=\"1.3\" data-animationOffset=\"top-into-view\"><div class=\"fusion-column-wrapper fusion-column-has-shadow fusion-flex-justify-content-flex-start fusion-content-layout-column\"><div class=\"fusion-image-element \" style=\"--awb-aspect-ratio: 100 \/ 90;--awb-caption-overlay-color:var(--awb-color4);--awb-caption-title-font-family:var(--h2_typography-font-family);--awb-caption-title-font-weight:var(--h2_typography-font-weight);--awb-caption-title-font-style:var(--h2_typography-font-style);--awb-caption-title-size:var(--h2_typography-font-size);--awb-caption-title-transform:var(--h2_typography-text-transform);--awb-caption-title-line-height:var(--h2_typography-line-height);--awb-caption-title-letter-spacing:var(--h2_typography-letter-spacing);\"><span class=\" fusion-imageframe imageframe-none imageframe-3 hover-type-none has-aspect-ratio\" style=\"border-radius:5px;\"><img decoding=\"async\" width=\"800\" height=\"600\" title=\"elomatic-inspiration-03\" src=\"https:\/\/eom-gmbh.com\/wp-content\/uploads\/2024\/06\/elomatic-inspiration-03.jpg\" data-orig-src=\"https:\/\/eom-gmbh.com\/wp-content\/uploads\/2024\/06\/elomatic-inspiration-03.jpg\" class=\"lazyload img-responsive wp-image-1730 img-with-aspect-ratio\" data-parent-fit=\"cover\" data-parent-container=\".fusion-image-element\" alt srcset=\"data:image\/svg+xml,%3Csvg%20xmlns%3D%27http%3A%2F%2Fwww.w3.org%2F2000%2Fsvg%27%20width%3D%27800%27%20height%3D%27600%27%20viewBox%3D%270%200%20800%20600%27%3E%3Crect%20width%3D%27800%27%20height%3D%27600%27%20fill-opacity%3D%220%22%2F%3E%3C%2Fsvg%3E\" data-srcset=\"https:\/\/eom-gmbh.com\/wp-content\/uploads\/2024\/06\/elomatic-inspiration-03-200x150.jpg 200w, https:\/\/eom-gmbh.com\/wp-content\/uploads\/2024\/06\/elomatic-inspiration-03-400x300.jpg 400w, https:\/\/eom-gmbh.com\/wp-content\/uploads\/2024\/06\/elomatic-inspiration-03-600x450.jpg 600w, https:\/\/eom-gmbh.com\/wp-content\/uploads\/2024\/06\/elomatic-inspiration-03.jpg 800w\" data-sizes=\"auto\" data-orig-sizes=\"(max-width: 718px) 100vw, 600px\" \/><\/span><\/div><\/div><\/div><div class=\"fusion-layout-column fusion_builder_column fusion-builder-column-4 fusion_builder_column_1_2 1_2 fusion-flex-column fusion-animated\" style=\"--awb-bg-size:cover;--awb-width-large:50%;--awb-margin-top-large:0px;--awb-spacing-right-large:60px;--awb-margin-bottom-large:0px;--awb-spacing-left-large:calc( 0.04 * calc( 100% - 120px ) );--awb-width-medium:40%;--awb-order-medium:0;--awb-spacing-right-medium:60px;--awb-margin-bottom-medium:0px;--awb-spacing-left-medium:0px;--awb-width-small:100%;--awb-order-small:0;--awb-spacing-right-small:60px;--awb-spacing-left-small:60px;\" data-animationType=\"fadeInRight\" data-animationDuration=\"1.3\" data-animationOffset=\"top-into-view\"><div class=\"fusion-column-wrapper fusion-column-has-shadow fusion-flex-justify-content-flex-start fusion-content-layout-column\"><div class=\"fusion-title title fusion-title-3 fusion-sep-none fusion-title-text fusion-title-size-two\" style=\"--awb-text-color:var(--awb-color6);--awb-margin-bottom:20px;--awb-margin-top-small:10px;--awb-margin-right-small:0px;--awb-margin-bottom-small:10px;--awb-margin-left-small:0px;\"><h2 class=\"fusion-title-heading title-heading-left\" style=\"margin:0;\">Expertise in der Automatisierungstechnik<\/h2><\/div><div class=\"fusion-text fusion-text-2 fusion-text-no-margin\" style=\"--awb-text-color:var(--awb-color6);--awb-margin-right:10%;--awb-margin-bottom:30px;\"><p>Unsere langj\u00e4hrige Erfahrung und unser tiefes Verst\u00e4ndnis f\u00fcr die Anforderungen in der Automatisierungstechnik machen uns zu einem verl\u00e4sslichen Partner. Insbesondere in der Fertigung setzen wir auf Expertise: Unsere Fertigungsmitarbeiter haben eine durchschnittliche Betriebszugeh\u00f6rigkeit von 31 Jahren. Mit einem erfahrenen Team, das h\u00f6chste Professionalit\u00e4t und Qualit\u00e4t in jeder Phase gew\u00e4hrleistet, setzen wir Ma\u00dfst\u00e4be in der Steuerungs- und Automatisierungstechnik von Armaturen.<\/p>\n<\/div><div ><a class=\"fusion-button button-flat fusion-button-default-size button-default fusion-button-default button-1 fusion-button-default-span fusion-button-default-type\" target=\"_self\" data-hover=\"text_slide_up\" href=\"\/wir-ueber-uns\/team\"><div class=\"awb-button-text-transition  awb-button__hover-content--centered\"><span class=\"fusion-button-text awb-button__text awb-button__text--default\">Lernen Sie unser Team kennen &#8230;<\/span><span class=\"fusion-button-text awb-button__text awb-button__text--default\">Lernen Sie unser Team kennen &#8230;<\/span><\/div><\/a><\/div><\/div><\/div><\/div><\/div><div class=\"fusion-fullwidth fullwidth-box fusion-builder-row-4 fusion-flex-container has-pattern-background has-mask-background fusion-parallax-none nonhundred-percent-fullwidth non-hundred-percent-height-scrolling lazyload\" style=\"--awb-border-radius-top-left:0px;--awb-border-radius-top-right:0px;--awb-border-radius-bottom-right:0px;--awb-border-radius-bottom-left:0px;--awb-background-color:var(--awb-color1);--awb-background-size:cover;--awb-flex-wrap:wrap;\" data-bg=\"https:\/\/eom-gmbh.com\/wp-content\/uploads\/2024\/06\/EL-O-MATIC-Footer.jpg\" ><div class=\"fusion-builder-row fusion-row fusion-flex-align-items-flex-start fusion-flex-content-wrap\" style=\"max-width:1248px;margin-left: calc(-4% \/ 2 );margin-right: calc(-4% \/ 2 );\"><div class=\"fusion-layout-column fusion_builder_column fusion-builder-column-5 fusion_builder_column_1_1 1_1 fusion-flex-column\" style=\"--awb-padding-top:100px;--awb-padding-right:100px;--awb-padding-bottom:100px;--awb-padding-left:100px;--awb-padding-top-medium:48px;--awb-padding-right-medium:56px;--awb-padding-bottom-medium:56px;--awb-padding-left-medium:56px;--awb-padding-top-small:40px;--awb-padding-right-small:40px;--awb-padding-bottom-small:40px;--awb-padding-left-small:40px;--awb-bg-size:cover;--awb-width-large:100%;--awb-margin-top-large:0px;--awb-spacing-right-large:1.92%;--awb-margin-bottom-large:0px;--awb-spacing-left-large:1.92%;--awb-width-medium:83.333333333333%;--awb-order-medium:0;--awb-spacing-right-medium:2.304%;--awb-spacing-left-medium:2.304%;--awb-width-small:100%;--awb-order-small:0;--awb-spacing-right-small:1.92%;--awb-spacing-left-small:1.92%;\" data-scroll-devices=\"small-visibility,medium-visibility,large-visibility\"><div class=\"fusion-column-wrapper fusion-column-has-shadow fusion-flex-justify-content-flex-start fusion-content-layout-column\"><div class=\"fusion-title title fusion-title-4 fusion-sep-none fusion-title-center fusion-title-text fusion-title-size-three\" style=\"--awb-text-color:var(--awb-color1);--awb-margin-bottom:40px;--awb-margin-top-small:10px;--awb-margin-right-small:0px;--awb-margin-bottom-small:10px;--awb-margin-left-small:0px;--awb-margin-top-medium:10px;--awb-margin-bottom-medium:30px;\"><h3 class=\"fusion-title-heading title-heading-center\" style=\"margin:0;text-transform:none;\"><p>Haben Sie Fragen zu unseren Automatisierungsl\u00f6sungen f\u00fcr Armaturen oder ben\u00f6tigen Sie individuelle Beratung?<\/p>\n<p>Unser erfahrenes Team steht ihnen gerne zur Verf\u00fcgung.<\/p><\/h3><\/div><div style=\"text-align:center;\"><a class=\"fusion-button button-flat button-large button-default fusion-button-default button-2 fusion-button-default-span fusion-button-default-type\" target=\"_self\" href=\"https:\/\/eom-gmbh.com\/kontakt\"><span class=\"fusion-button-text awb-button__text awb-button__text--default\">Kontaktieren Sie uns noch heute &#8230;<\/span><\/a><\/div><\/div><\/div><\/div><\/div><\/p>\n","protected":false},"excerpt":{"rendered":"","protected":false},"author":1,"featured_media":0,"parent":0,"menu_order":0,"comment_status":"closed","ping_status":"closed","template":"100-width.php","meta":{"footnotes":""},"class_list":["post-93","page","type-page","status-publish","hentry"],"yoast_head":"<!-- This site is optimized with the Yoast SEO plugin v27.2 - https:\/\/yoast.com\/product\/yoast-seo-wordpress\/ -->\n<title>Wir \u00fcber uns | E-O-M Automation by EL-O-MATIC GmbH<\/title>\n<meta name=\"robots\" content=\"index, follow, max-snippet:-1, max-image-preview:large, max-video-preview:-1\" \/>\n<link rel=\"canonical\" href=\"https:\/\/eom-gmbh.com\/en\/wir-ueber-uns\/\" \/>\n<meta property=\"og:locale\" content=\"en_GB\" \/>\n<meta property=\"og:type\" content=\"article\" \/>\n<meta property=\"og:title\" content=\"Wir \u00fcber uns | E-O-M Automation by EL-O-MATIC GmbH\" \/>\n<meta property=\"og:url\" content=\"https:\/\/eom-gmbh.com\/en\/wir-ueber-uns\/\" \/>\n<meta property=\"og:site_name\" content=\"E-O-M Automation by EL-O-MATIC GmbH\" \/>\n<meta property=\"article:modified_time\" content=\"2024-10-16T08:44:17+00:00\" \/>\n<meta name=\"twitter:card\" content=\"summary_large_image\" \/>\n<meta name=\"twitter:label1\" content=\"Estimated reading time\" \/>\n\t<meta name=\"twitter:data1\" content=\"2 minutes\" \/>\n<script type=\"application\/ld+json\" class=\"yoast-schema-graph\">{\"@context\":\"https:\/\/schema.org\",\"@graph\":[{\"@type\":\"WebPage\",\"@id\":\"https:\/\/eom-gmbh.com\/wir-ueber-uns\",\"url\":\"https:\/\/eom-gmbh.com\/wir-ueber-uns\",\"name\":\"Wir \u00fcber uns | E-O-M Automation by EL-O-MATIC GmbH\",\"isPartOf\":{\"@id\":\"https:\/\/eom-gmbh.com\/#website\"},\"datePublished\":\"2023-05-18T14:54:38+00:00\",\"dateModified\":\"2024-10-16T08:44:17+00:00\",\"breadcrumb\":{\"@id\":\"https:\/\/eom-gmbh.com\/wir-ueber-uns#breadcrumb\"},\"inLanguage\":\"en-GB\",\"potentialAction\":[{\"@type\":\"ReadAction\",\"target\":[\"https:\/\/eom-gmbh.com\/wir-ueber-uns\"]}]},{\"@type\":\"BreadcrumbList\",\"@id\":\"https:\/\/eom-gmbh.com\/wir-ueber-uns#breadcrumb\",\"itemListElement\":[{\"@type\":\"ListItem\",\"position\":1,\"name\":\"Startseite\",\"item\":\"https:\/\/eom-gmbh.com\/\"},{\"@type\":\"ListItem\",\"position\":2,\"name\":\"Wir \u00fcber uns\"}]},{\"@type\":\"WebSite\",\"@id\":\"https:\/\/eom-gmbh.com\/#website\",\"url\":\"https:\/\/eom-gmbh.com\/\",\"name\":\"E-O-M Automation by EL-O-MATIC GmbH\",\"description\":\"Automatisierung von Antrieben\",\"publisher\":{\"@id\":\"https:\/\/eom-gmbh.com\/#organization\"},\"potentialAction\":[{\"@type\":\"SearchAction\",\"target\":{\"@type\":\"EntryPoint\",\"urlTemplate\":\"https:\/\/eom-gmbh.com\/?s={search_term_string}\"},\"query-input\":{\"@type\":\"PropertyValueSpecification\",\"valueRequired\":true,\"valueName\":\"search_term_string\"}}],\"inLanguage\":\"en-GB\"},{\"@type\":\"Organization\",\"@id\":\"https:\/\/eom-gmbh.com\/#organization\",\"name\":\"E-O-M Automation by EL-O-MATIC GmbH\",\"url\":\"https:\/\/eom-gmbh.com\/\",\"logo\":{\"@type\":\"ImageObject\",\"inLanguage\":\"en-GB\",\"@id\":\"https:\/\/eom-gmbh.com\/#\/schema\/logo\/image\/\",\"url\":\"https:\/\/eom-gmbh.com\/wp-content\/uploads\/2024\/06\/logo-elomatic-google.png\",\"contentUrl\":\"https:\/\/eom-gmbh.com\/wp-content\/uploads\/2024\/06\/logo-elomatic-google.png\",\"width\":250,\"height\":250,\"caption\":\"E-O-M Automation by EL-O-MATIC GmbH\"},\"image\":{\"@id\":\"https:\/\/eom-gmbh.com\/#\/schema\/logo\/image\/\"}}]}<\/script>\n<!-- \/ Yoast SEO plugin. -->","yoast_head_json":{"title":"Wir \u00fcber uns | E-O-M Automation by EL-O-MATIC GmbH","robots":{"index":"index","follow":"follow","max-snippet":"max-snippet:-1","max-image-preview":"max-image-preview:large","max-video-preview":"max-video-preview:-1"},"canonical":"https:\/\/eom-gmbh.com\/en\/wir-ueber-uns\/","og_locale":"en_GB","og_type":"article","og_title":"Wir \u00fcber uns | E-O-M Automation by EL-O-MATIC GmbH","og_url":"https:\/\/eom-gmbh.com\/en\/wir-ueber-uns\/","og_site_name":"E-O-M Automation by EL-O-MATIC GmbH","article_modified_time":"2024-10-16T08:44:17+00:00","twitter_card":"summary_large_image","twitter_misc":{"Estimated reading time":"2 minutes"},"schema":{"@context":"https:\/\/schema.org","@graph":[{"@type":"WebPage","@id":"https:\/\/eom-gmbh.com\/wir-ueber-uns","url":"https:\/\/eom-gmbh.com\/wir-ueber-uns","name":"Wir \u00fcber uns | E-O-M Automation by EL-O-MATIC GmbH","isPartOf":{"@id":"https:\/\/eom-gmbh.com\/#website"},"datePublished":"2023-05-18T14:54:38+00:00","dateModified":"2024-10-16T08:44:17+00:00","breadcrumb":{"@id":"https:\/\/eom-gmbh.com\/wir-ueber-uns#breadcrumb"},"inLanguage":"en-GB","potentialAction":[{"@type":"ReadAction","target":["https:\/\/eom-gmbh.com\/wir-ueber-uns"]}]},{"@type":"BreadcrumbList","@id":"https:\/\/eom-gmbh.com\/wir-ueber-uns#breadcrumb","itemListElement":[{"@type":"ListItem","position":1,"name":"Startseite","item":"https:\/\/eom-gmbh.com\/"},{"@type":"ListItem","position":2,"name":"Wir \u00fcber uns"}]},{"@type":"WebSite","@id":"https:\/\/eom-gmbh.com\/#website","url":"https:\/\/eom-gmbh.com\/","name":"E-O-M Automation by EL-O-MATIC GmbH","description":"Automatisierung von Antrieben","publisher":{"@id":"https:\/\/eom-gmbh.com\/#organization"},"potentialAction":[{"@type":"SearchAction","target":{"@type":"EntryPoint","urlTemplate":"https:\/\/eom-gmbh.com\/?s={search_term_string}"},"query-input":{"@type":"PropertyValueSpecification","valueRequired":true,"valueName":"search_term_string"}}],"inLanguage":"en-GB"},{"@type":"Organization","@id":"https:\/\/eom-gmbh.com\/#organization","name":"E-O-M Automation by EL-O-MATIC GmbH","url":"https:\/\/eom-gmbh.com\/","logo":{"@type":"ImageObject","inLanguage":"en-GB","@id":"https:\/\/eom-gmbh.com\/#\/schema\/logo\/image\/","url":"https:\/\/eom-gmbh.com\/wp-content\/uploads\/2024\/06\/logo-elomatic-google.png","contentUrl":"https:\/\/eom-gmbh.com\/wp-content\/uploads\/2024\/06\/logo-elomatic-google.png","width":250,"height":250,"caption":"E-O-M Automation by EL-O-MATIC GmbH"},"image":{"@id":"https:\/\/eom-gmbh.com\/#\/schema\/logo\/image\/"}}]}},"_links":{"self":[{"href":"https:\/\/eom-gmbh.com\/en\/wp-json\/wp\/v2\/pages\/93","targetHints":{"allow":["GET"]}}],"collection":[{"href":"https:\/\/eom-gmbh.com\/en\/wp-json\/wp\/v2\/pages"}],"about":[{"href":"https:\/\/eom-gmbh.com\/en\/wp-json\/wp\/v2\/types\/page"}],"author":[{"embeddable":true,"href":"https:\/\/eom-gmbh.com\/en\/wp-json\/wp\/v2\/users\/1"}],"replies":[{"embeddable":true,"href":"https:\/\/eom-gmbh.com\/en\/wp-json\/wp\/v2\/comments?post=93"}],"version-history":[{"count":37,"href":"https:\/\/eom-gmbh.com\/en\/wp-json\/wp\/v2\/pages\/93\/revisions"}],"predecessor-version":[{"id":2585,"href":"https:\/\/eom-gmbh.com\/en\/wp-json\/wp\/v2\/pages\/93\/revisions\/2585"}],"wp:attachment":[{"href":"https:\/\/eom-gmbh.com\/en\/wp-json\/wp\/v2\/media?parent=93"}],"curies":[{"name":"wp","href":"https:\/\/api.w.org\/{rel}","templated":true}]}}